{"id":420,"date":"2025-12-22T14:18:31","date_gmt":"2025-12-22T14:18:31","guid":{"rendered":"http:\/\/beef-casino.de.com\/de-de\/?page_id=420"},"modified":"2026-01-26T12:08:19","modified_gmt":"2026-01-26T12:08:19","slug":"galaksino-paras-online-casino-suomalaisille-pelaajille","status":"publish","type":"page","link":"https:\/\/beef-casino.de.com\/de-de\/","title":{"rendered":"Beef Online Casino Spiele"},"content":{"rendered":"<section class=\"hero-block hero-block--with-image\" style=\"margin-bottom: 2rem; background-image: url(https:\/\/beef-casino.de.com\/de-de\/wp-content\/uploads\/2026\/01\/beef_background_image-2.webp);\">\n\t<div class=\"container\">\n\t\t<div class=\"hero-block__content\">\n\t\t\t<div class=\"hero-block__text\">\n\t\t\t\t\t\t\t\t\t<h1 class=\"hero-block__title\">Beef Casino Deutschland<\/h1>\n\t\t\t\t\t\t\t\t\n\t\t\t\t\t\t\t\t\t<div class=\"hero-block__description\">\n\t\t\t\t\t\t<p>Beef Casino bringt Spieler direkt ins Zentrum der Spielaction \u2013 dieses dynamische Online-Casino verschwendet keine Zeit und bietet blitzschnellen Zugang zu einer riesigen Auswahl an Spielen. Es handelt sich um ein modernes und intuitiv strukturiertes Netzwerk-Casino, bei dem Geschwindigkeit, Benutzerfreundlichkeit und Sicherheit an erster Stelle stehen. Beef \u00fcberzeugt mit einer optimierten Plattform, die sowohl auf Desktop als auch mobil perfekt funktioniert.<\/p>\n\t\t\t\t\t<\/div>\n\t\t\t\t\t\t\t\t\n\t\t\t\t\t\t\t\t\t<div class=\"hero-block__cta\">\n\t\t\t\t\t\t<a href=\"\/go\/platinumslots\/\" class=\"hero-block__cta-button\" target=\"_blank\" rel=\"noopener noreferrer\">\n\t\t\t\t\t\t\tBeef spielen starten\t\t\t\t\t\t<\/a>\n\t\t\t\t\t<\/div>\n\t\t\t\t\t\t\t\t\n\t\t\t\t\t\t\t\t\t<p class=\"hero-block__disclaimer\">Gesch\u00e4ftsbedingungen gelten. 18+<\/p>\n\t\t\t\t\t\t\t<\/div>\n\t\t\t\n\t\t\t\t\t\t\t<div class=\"hero-block__image-wrapper\">\n\t\t\t\t\t\t\t\t\t\t\t<img fetchpriority=\"high\" width=\"800\" height=\"800\" src=\"https:\/\/beef-casino.de.com\/de-de\/wp-content\/uploads\/2026\/01\/beef_hero_bg_DE-1.png\" class=\"hero-block__image\" alt=\"\" loading=\"eager\" decoding=\"async\" sizes=\"(max-width: 768px) 100vw, (max-width: 1200px) 80vw, 1920px\" srcset=\"https:\/\/beef-casino.de.com\/de-de\/wp-content\/uploads\/2026\/01\/beef_hero_bg_DE-1.png 800w, https:\/\/beef-casino.de.com\/de-de\/wp-content\/uploads\/2026\/01\/beef_hero_bg_DE-1-300x300.png 300w, https:\/\/beef-casino.de.com\/de-de\/wp-content\/uploads\/2026\/01\/beef_hero_bg_DE-1-150x150.png 150w, https:\/\/beef-casino.de.com\/de-de\/wp-content\/uploads\/2026\/01\/beef_hero_bg_DE-1-768x768.png 768w\" \/>\t\t\t\t\t\t\t\t\t<\/div>\n\t\t\t\t\t<\/div>\n\t<\/div>\n<\/section>\n\n\n\n\n<section id=\"mobil\" class=\"content-image-block content-image-block--image-left content-image-block--with-images\" style=\"margin-bottom: 2rem;\">\n\t<div class=\"container\">\n\t\t<div class=\"content-image-block__content\">\n\t\t\t\t\t\t\n\t\t\t\t\t\t\t\t\t\t\t\t<div class=\"content-image-block__gallery-wrapper\">\n\t\t\t\t\t\t<div class=\"content-image-block__gallery\" data-count=\"2\">\n\t\t\t\t\t\t\t\t\t\t\t\t\t\t\t<div class=\"content-image-block__gallery-item\">\n\t\t\t\t\t\t\t\t\t\t\t\t\t\t\t\t\t\t\t<img width=\"800\" height=\"800\" src=\"https:\/\/beef-casino.de.com\/de-de\/wp-content\/uploads\/2026\/01\/beef_gallery_1_DE-2-300x300.webp\" class=\"content-image-block__gallery-image\" alt=\"\" loading=\"lazy\" decoding=\"async\" srcset=\"https:\/\/beef-casino.de.com\/de-de\/wp-content\/uploads\/2026\/01\/beef_gallery_1_DE-2-300x300.webp 300w, https:\/\/beef-casino.de.com\/de-de\/wp-content\/uploads\/2026\/01\/beef_gallery_1_DE-2-150x150.webp 150w, https:\/\/beef-casino.de.com\/de-de\/wp-content\/uploads\/2026\/01\/beef_gallery_1_DE-2-768x768.webp 768w, https:\/\/beef-casino.de.com\/de-de\/wp-content\/uploads\/2026\/01\/beef_gallery_1_DE-2.webp 800w\" sizes=\"auto, (max-width: 300px) 100vw, 300px\" \/>\t\t\t\t\t\t\t\t\t\t\t\t\t\t\t\t\t<\/div>\n\t\t\t\t\t\t\t\t\t\t\t\t\t\t\t<div class=\"content-image-block__gallery-item\">\n\t\t\t\t\t\t\t\t\t\t\t\t\t\t\t\t\t\t\t<img width=\"800\" height=\"800\" src=\"https:\/\/beef-casino.de.com\/de-de\/wp-content\/uploads\/2026\/01\/beef_gallery_2_DE-2-300x300.webp\" class=\"content-image-block__gallery-image\" alt=\"\" loading=\"lazy\" decoding=\"async\" srcset=\"https:\/\/beef-casino.de.com\/de-de\/wp-content\/uploads\/2026\/01\/beef_gallery_2_DE-2-300x300.webp 300w, https:\/\/beef-casino.de.com\/de-de\/wp-content\/uploads\/2026\/01\/beef_gallery_2_DE-2-150x150.webp 150w, https:\/\/beef-casino.de.com\/de-de\/wp-content\/uploads\/2026\/01\/beef_gallery_2_DE-2-768x768.webp 768w, https:\/\/beef-casino.de.com\/de-de\/wp-content\/uploads\/2026\/01\/beef_gallery_2_DE-2.webp 800w\" sizes=\"auto, (max-width: 300px) 100vw, 300px\" \/>\t\t\t\t\t\t\t\t\t\t\t\t\t\t\t\t\t<\/div>\n\t\t\t\t\t\t\t\t\t\t\t\t\t<\/div>\n\t\t\t\t\t<\/div>\n\t\t\t\t\t\t\t\n\t\t\t<div class=\"content-image-block__text\">\n\t\t\t\t\t\t\t\t\t<div class=\"content-image-block__content-text\">\n\t\t\t\t\t\t\t\t\t\t\t\t\t\t\t\t\t\t\t\t\n\t\t\t\t\t\t\t\t\t\t\t\t\t\t\t<h2 class=\"wp-block-heading\">\n\t\t\t\t\t\t\t\t\t<strong>Beef Spielangebot<\/strong>\n\t\t\t\t\t\t\t\t<\/h2>\n\t\t\t\t\t\t\t\n\t\t\t\t\t\t\t\t\t\t\t\t\t\t\t\t\t\t\t\t\t\t\t\t\t\t\t\n\t\t\t\t\t\t\t\t\t\t\t\t\t\t\t<p>Beef Casino pr\u00e4sentiert eine umfangreiche Spielesammlung mit Fokus auf beliebte Slots und Tischspiele sowie authentisches Live-Casino-Erlebnis. Alle Spiele laden schnell und funktionieren problemlos auf mobilen Ger\u00e4ten.<\/p>\n\t\t\t\t\t\t\t\n\t\t\t\t\t\t\t\t\t\t\t\t\t\t\t\t\t\t\t\t\t\t\t\t\t\t\t\n\t\t\t\t\t\t\t\t\t\t\t\t\t\t\t<h2 class=\"wp-block-heading\">\n\t\t\t\t\t\t\t\t\t<strong>Beef Spielautomaten<\/strong>\n\t\t\t\t\t\t\t\t<\/h2>\n\t\t\t\t\t\t\t\n\t\t\t\t\t\t\t\t\t\t\t\t\t\t\t\t\t\t\t\t\t\t\t\t\t\t\t\n\t\t\t\t\t\t\t\t\t\t\t\t\t\t\t<p>Beef Casino bietet eine umfangreiche Spielesammlung mit klassischen Slots, modernen Videospielen und innovativen Megaways-Titeln. Die farbenfrohen Designs und schnellen Spielrunden schaffen ein spannendes Spielerlebnis.<\/p>\n\t\t\t\t\t\t\t\n\t\t\t\t\t\t\t\t\t\t\t\t\t\t\t\t\t\t\t\t\t\t\t\t\t\t\t\n\t\t\t\t\t\t\t\t\t\t\t\t\t\t\t<h2 class=\"wp-block-heading\">\n\t\t\t\t\t\t\t\t\t<strong>Beef Live Casino<\/strong>\n\t\t\t\t\t\t\t\t<\/h2>\n\t\t\t\t\t\t\t\n\t\t\t\t\t\t\t\t\t\t\t\t\t\t\t\t\t\t\t\t\t\t\t\t\t\t\t\n\t\t\t\t\t\t\t\t\t\t\t\t\t\t\t<p>Bei Beef erleben Spieler klassische Tischspiele wie Roulette, Blackjack und Baccarat mit professionellen Live-Dealern in kristallklarer HD-Qualit\u00e4t. Das authentische Casinofeeling entsteht durch Echtzeit-Streaming und interaktives Gameplay.<\/p>\n\t\t\t\t\t\t\t\n\t\t\t\t\t\t\t\t\t\t\t\t\t\t\t\t\t\t<\/div>\n\t\t\t\t\t\t\t\t\n\t\t\t\t\t\t\t\t\t<div class=\"content-image-block__cta content-image-block__cta--left\">\n\t\t\t\t\t\t<a href=\"\/go\/platinumslots\/\" class=\"content-image-block__cta-button\" target=\"_blank\" rel=\"noopener noreferrer\">\n\t\t\t\t\t\t\tJetzt Spielen\t\t\t\t\t\t<\/a>\n\t\t\t\t\t<\/div>\n\t\t\t\t\t\t\t<\/div>\n\n\t\t\t\t\t<\/div>\n\t<\/div>\n<\/section>\n\n\n\n<section id=\"bonus\" class=\"content-image-block content-image-block--content-left content-image-block--with-images\" style=\"margin-bottom: 2rem;\">\n\t<div class=\"container\">\n\t\t<div class=\"content-image-block__content\">\n\t\t\t\t\t\t\n\t\t\t\n\t\t\t<div class=\"content-image-block__text\">\n\t\t\t\t\t\t\t\t\t<div class=\"content-image-block__content-text\">\n\t\t\t\t\t\t\t\t\t\t\t\t\t\t\t\t\t\t\t\t\n\t\t\t\t\t\t\t\t\t\t\t\t\t\t\t<h2 class=\"wp-block-heading\">\n\t\t\t\t\t\t\t\t\t<strong>Beef Casino Boni<\/strong>\n\t\t\t\t\t\t\t\t<\/h2>\n\t\t\t\t\t\t\t\n\t\t\t\t\t\t\t\t\t\t\t\t\t\t\t\t\t\t\t\t\t\t\t\t\t\t\t\n\t\t\t\t\t\t\t\t\t\t\t\t\t\t\t<p>Beef Casino belohnt treue Spieler mit kontinuierlichen Vorteilen wie Cashback-Aktionen, kostenlosen Spins und exklusiven Promotionen, die das Spielerlebnis spannend und lohnend gestalten.<\/p>\n\t\t\t\t\t\t\t\n\t\t\t\t\t\t\t\t\t\t\t\t\t\t\t\t\t\t\t\t\t\t\t\t\t\t\t\n\t\t\t\t\t\t\t\t\t\t\t\t\t\t\t<p>Beef Casino bietet dir v\u00f6llige Transparenz bei allen Bonusangeboten \u2013 ohne versteckte Bedingungen, sondern klare und verst\u00e4ndliche Vorteile f\u00fcr jeden Spieler.<\/p>\n\t\t\t\t\t\t\t\n\t\t\t\t\t\t\t\t\t\t\t\t\t\t\t\t\t\t<\/div>\n\t\t\t\t\t\t\t\t\n\t\t\t\t\t\t\t\t\t<div class=\"content-image-block__cta content-image-block__cta--left\">\n\t\t\t\t\t\t<a href=\"\/go\/platinumslots\/\" class=\"content-image-block__cta-button\" target=\"_blank\" rel=\"noopener noreferrer\">\n\t\t\t\t\t\t\tJetzt spielen Beef\t\t\t\t\t\t<\/a>\n\t\t\t\t\t<\/div>\n\t\t\t\t\t\t\t<\/div>\n\n\t\t\t\t\t\t\t\t\t\t\t\t<div class=\"content-image-block__image-wrapper\">\n\t\t\t\t\t\t\t\t\t\t\t\t\t<img width=\"600\" height=\"315\" src=\"https:\/\/beef-casino.de.com\/de-de\/wp-content\/uploads\/2026\/01\/beef_bonus_DE-2-300x158.png\" class=\"content-image-block__image\" alt=\"\" loading=\"lazy\" decoding=\"async\" srcset=\"https:\/\/beef-casino.de.com\/de-de\/wp-content\/uploads\/2026\/01\/beef_bonus_DE-2-300x158.png 300w, https:\/\/beef-casino.de.com\/de-de\/wp-content\/uploads\/2026\/01\/beef_bonus_DE-2.png 600w\" sizes=\"auto, (max-width: 300px) 100vw, 300px\" \/>\t\t\t\t\t\t\t\t\t\t\t<\/div>\n\t\t\t\t\t\t\t\t\t<\/div>\n\t<\/div>\n<\/section>\n\n\n\n<section id=\"mobiili\" class=\"content-image-block content-image-block--content-left content-image-block--content-only\" style=\"margin-bottom: 2rem; background-color: rgb(26,29,39);\">\n\t<div class=\"container\">\n\t\t<div class=\"content-image-block__content\">\n\t\t\t\t\t\t\n\t\t\t\n\t\t\t<div class=\"content-image-block__text\">\n\t\t\t\t\t\t\t\t\t<div class=\"content-image-block__content-text\">\n\t\t\t\t\t\t\t\t\t\t\t\t\t\t\t\t\t\t\t\t\n\t\t\t\t\t\t\t\t\t\t\t\t\t\t\t<h2 class=\"wp-block-heading\">\n\t\t\t\t\t\t\t\t\t<strong>Beef mobil spielen<\/strong>\n\t\t\t\t\t\t\t\t<\/h2>\n\t\t\t\t\t\t\t\n\t\t\t\t\t\t\t\t\t\t\t\t\t\t\t\t\t\t\t\t\t\t\t\t\t\t\t\n\t\t\t\t\t\t\t\t\t\t\t\t\t\t\t<p>Beef Casino bietet perfekte Mobile-Kompatibilit\u00e4t f\u00fcr modernes Spielen unterwegs. Die Plattform passt sich flexibel an alle Bildschirmgr\u00f6\u00dfen an und ben\u00f6tigt keine zus\u00e4tzlichen App-Downloads f\u00fcr optimales Spielerlebnis.<\/p>\n\t\t\t\t\t\t\t\n\t\t\t\t\t\t\t\t\t\t\t\t\t\t\t\t\t\t\t\t\t\t\t\t\t\t\t\n\t\t\t\t\t\t\t\t\t\t\t\t\t\t\t<p>Beef Casino bietet vollst\u00e4ndige Funktionalit\u00e4t auf Handy und Computer: Anmeldung, Einzahlung, Spielen und Auszahlung funktionieren problemlos direkt im mobilen Browser.<\/p>\n\t\t\t\t\t\t\t\n\t\t\t\t\t\t\t\t\t\t\t\t\t\t\t\t\t\t\t\t\t\t\t\t\t\t\t\n\t\t\t\t\t\t\t\t\t\t\t\t\t\t\t<h2 class=\"wp-block-heading\">\n\t\t\t\t\t\t\t\t\t<strong>Beef Mobil Spielen<\/strong>\n\t\t\t\t\t\t\t\t<\/h2>\n\t\t\t\t\t\t\t\n\t\t\t\t\t\t\t\t\t\t\t\t\t\t\t\t\t\t\t\t\t\t\t\t\t\t\t\n\t\t\t\t\t\t\t\t\t\t\t\t\t\t\t<ul>\n\t\t\t\t\t\t\t\t\t\t\t\t\t\t\t\t\t\t\t\t\t\t\t\t\t\t\t\t\t\t\t\t\t\t\t\t\t\t\t\t<li>Beef Casino \u00fcberall und jederzeit verf\u00fcgbar<\/li>\n\t\t\t\t\t\t\t\t\t\t\t\t\t\t\t\t\t\t\t\t\t\t\t\t\t\t\t\t\t\t\t\t\t\t\t\t\t\t\t\t\t\t\t\t\t\t\t\t\t\t<li>Beef funktioniert \u00fcberall im Browser<\/li>\n\t\t\t\t\t\t\t\t\t\t\t\t\t\t\t\t\t\t\t\t\t\t\t\t\t\t\t\t\t\t\t\t\t\t\t\t\t\t\t\t\t\t\t\t\t\t\t\t\t\t<li>Beef Casino: Sofortiger Zugang zu allen Spielen<\/li>\n\t\t\t\t\t\t\t\t\t\t\t\t\t\t\t\t\t\t\t\t\t\t\t\t\t\t\t\t\t\t\t\t\t\t\t\t\t\t\t\t\t\t\t\t\t\t\t\t\t\t<li>Beef Casino l\u00e4uft \u00fcberall fl\u00fcssig und schnell<\/li>\n\t\t\t\t\t\t\t\t\t\t\t\t\t\t\t\t\t\t\t\t\t\t\t\t\t\t\t<\/ul>\n\t\t\t\t\t\t\t\t\t\t\t\t\t\t\t\t\t\t<\/div>\n\t\t\t\t\t\t\t\t\n\t\t\t\t\t\t\t\t\t<div class=\"content-image-block__cta content-image-block__cta--left\">\n\t\t\t\t\t\t<a href=\"\/go\/platinumslots\/\" class=\"content-image-block__cta-button\" target=\"_blank\" rel=\"noopener noreferrer\">\n\t\t\t\t\t\t\tJetzt spielen bei Beef\t\t\t\t\t\t<\/a>\n\t\t\t\t\t<\/div>\n\t\t\t\t\t\t\t<\/div>\n\n\t\t\t\t\t<\/div>\n\t<\/div>\n<\/section>\n\n\n\n\n<section id=\"fragen\" class=\"faq-section\" style=\"margin-bottom: 2rem;\">\n\t<div class=\"container\">\n\t\t\t\t\t<h2 class=\"faq-section__title\">Beef H\u00e4ufig Gefragt<\/h2>\n\t\t\t\t\n\t\t\t<\/div>\n\n\t<\/section>\n\n","protected":false},"excerpt":{"rendered":"","protected":false},"author":2,"featured_media":0,"parent":0,"menu_order":0,"comment_status":"closed","ping_status":"closed","template":"","meta":{"_acf_changed":false,"inline_featured_image":false,"footnotes":""},"class_list":["post-420","page","type-page","status-publish","hentry"],"acf":[],"_links":{"self":[{"href":"https:\/\/beef-casino.de.com\/de-de\/wp-json\/wp\/v2\/pages\/420","targetHints":{"allow":["GET"]}}],"collection":[{"href":"https:\/\/beef-casino.de.com\/de-de\/wp-json\/wp\/v2\/pages"}],"about":[{"href":"https:\/\/beef-casino.de.com\/de-de\/wp-json\/wp\/v2\/types\/page"}],"author":[{"embeddable":true,"href":"https:\/\/beef-casino.de.com\/de-de\/wp-json\/wp\/v2\/users\/2"}],"replies":[{"embeddable":true,"href":"https:\/\/beef-casino.de.com\/de-de\/wp-json\/wp\/v2\/comments?post=420"}],"version-history":[{"count":121,"href":"https:\/\/beef-casino.de.com\/de-de\/wp-json\/wp\/v2\/pages\/420\/revisions"}],"predecessor-version":[{"id":3872,"href":"https:\/\/beef-casino.de.com\/de-de\/wp-json\/wp\/v2\/pages\/420\/revisions\/3872"}],"wp:attachment":[{"href":"https:\/\/beef-casino.de.com\/de-de\/wp-json\/wp\/v2\/media?parent=420"}],"curies":[{"name":"wp","href":"https:\/\/api.w.org\/{rel}","templated":true}]}}